
{"id":684,"date":"2024-07-22T10:10:41","date_gmt":"2024-07-22T01:10:41","guid":{"rendered":"https:\/\/daiichisekken.co.jp\/wp\/?page_id=684"},"modified":"2026-03-31T18:22:18","modified_gmt":"2026-03-31T09:22:18","slug":"%e3%83%88%e3%83%83%e3%83%97%e3%83%9a%e3%83%bc%e3%82%b8","status":"publish","type":"page","link":"https:\/\/daiichisekken.co.jp\/vi\/","title":{"rendered":"Trang ch\u1ee7"},"content":{"rendered":"<p>C\u00f4ng ty TNHH Daiichi SEKKEN, v\u1edbi ph\u01b0\u01a1ng ch\u00e2m \u201cSuy ngh\u0129 v\u1ec1 cu\u1ed9c s\u1ed1ng v\u00e0 m\u00f4i tr\u01b0\u1eddng s\u1ea1ch \u0111\u1eb9p\u201d, lu\u00f4n kh\u00f4ng ng\u1eebng n\u1ed7 l\u1ef1c th\u1ef1c hi\u1ec7n s\u1ee9 m\u1ec7nh s\u1ea3n xu\u1ea5t v\u00e0 cung c\u1ea5p \u1ed5n \u0111\u1ecbnh c\u00e1c s\u1ea3n ph\u1ea9m an to\u00e0n, ph\u00f9 h\u1ee3p v\u1edbi xu h\u01b0\u1edbng th\u1ecb tr\u01b0\u1eddng v\u00e0 nhu c\u1ea7u ng\u00e0y c\u00e0ng \u0111a d\u1ea1ng c\u1ee7a kh\u00e1ch h\u00e0ng theo t\u1eebng giai \u0111o\u1ea1n ph\u00e1t tri\u1ec3n.\nV\u1edbi \u0111\u1ecbnh h\u01b0\u1edbng nh\u1ea5t qu\u00e1n, c\u00f4ng ty cam k\u1ebft mang \u0111\u1ebfn nh\u1eefng s\u1ea3n ph\u1ea9m ch\u1ea5t l\u01b0\u1ee3ng cao, thi\u1ebft th\u1ef1c v\u00e0 h\u1eefu \u00edch, g\u00f3p ph\u1ea7n n\u00e2ng cao ch\u1ea5t l\u01b0\u1ee3ng cu\u1ed9c s\u1ed1ng v\u00e0 b\u1ea3o v\u1ec7 m\u00f4i tr\u01b0\u1eddng.<\/p>","protected":false},"excerpt":{"rendered":"<p>\u7b2c\u4e00\u77f3\u9e78\u682a\u5f0f\u4f1a\u793e\u306f\u3001\u201c\u66ae\u3089\u3057\u3068\u74b0\u5883\u306e\u30ad\u30ec\u30a4\u3092\u8003\u3048\u308b\u201d\u3092\u30e2\u30c3\u30c8\u30fc\u306b\u3001\u66ae\u3089\u3057\u306b\u5f79\u7acb\u3064\u9ad8\u54c1\u8cea\u306a\u88fd\u54c1\u3065\u304f\u308a\u3068\u3044\u3046\u4e00\u8cab\u3057\u305f\u59ff\u52e2\u3067\u3001\u6642\u4ee3\u6642\u4ee3\u306e\u5e02\u5834\u52d5\u5411\u3068\u304a\u5ba2\u69d8\u306e\u30cb\u30fc\u30ba\u306b\u5fdc\u3048\u308b\u5b89\u5168\u306a\u88fd\u54c1\u3092\u3001\u611b\u60c5\u3092\u3082\u3063\u3066\u4f5c\u308a\u3001\u5b89\u5b9a\u3057\u3066\u4f9b\u7d66\u3059\u308b\u3053\u3068\u3092\u4f7f\u547d [&hellip;]<\/p>\n","protected":false},"author":1,"featured_media":0,"parent":0,"menu_order":11,"comment_status":"closed","ping_status":"closed","template":"","meta":{"_acf_changed":false,"footnotes":"","vk-ltc-link":"","vk-ltc-target":"0"},"class_list":["post-684","page","type-page","status-publish","hentry"],"acf":[],"_links":{"self":[{"href":"https:\/\/daiichisekken.co.jp\/vi\/wp-json\/wp\/v2\/pages\/684","targetHints":{"allow":["GET"]}}],"collection":[{"href":"https:\/\/daiichisekken.co.jp\/vi\/wp-json\/wp\/v2\/pages"}],"about":[{"href":"https:\/\/daiichisekken.co.jp\/vi\/wp-json\/wp\/v2\/types\/page"}],"author":[{"embeddable":true,"href":"https:\/\/daiichisekken.co.jp\/vi\/wp-json\/wp\/v2\/users\/1"}],"replies":[{"embeddable":true,"href":"https:\/\/daiichisekken.co.jp\/vi\/wp-json\/wp\/v2\/comments?post=684"}],"version-history":[{"count":1,"href":"https:\/\/daiichisekken.co.jp\/vi\/wp-json\/wp\/v2\/pages\/684\/revisions"}],"predecessor-version":[{"id":1642,"href":"https:\/\/daiichisekken.co.jp\/vi\/wp-json\/wp\/v2\/pages\/684\/revisions\/1642"}],"wp:attachment":[{"href":"https:\/\/daiichisekken.co.jp\/vi\/wp-json\/wp\/v2\/media?parent=684"}],"curies":[{"name":"wp","href":"https:\/\/api.w.org\/{rel}","templated":true}]}}